{"id":23313,"date":"2020-10-25T21:24:40","date_gmt":"2020-10-25T21:24:40","guid":{"rendered":"https:\/\/alexandrawendorf.de\/?page_id=23313"},"modified":"2024-03-18T21:32:26","modified_gmt":"2024-03-18T21:32:26","slug":"pro-bono","status":"publish","type":"page","link":"https:\/\/alexandrawendorf.de\/?page_id=23313","title":{"rendered":"Pro Bono"},"content":{"rendered":"\n<div class=\"wp-block-columns is-layout-flex wp-container-3 wp-block-columns-is-layout-flex\">\n<div class=\"wp-block-column is-layout-flow wp-block-column-is-layout-flow\" style=\"flex-basis:66.66%\">\n<figure class=\"wp-block-image size-large\"><a href=\"https:\/\/alexandrawendorf.de\/wp-content\/uploads\/2023\/07\/agon_Ali_web_1.png\"><img decoding=\"async\" loading=\"lazy\" width=\"1030\" height=\"771\" src=\"https:\/\/alexandrawendorf.de\/wp-content\/uploads\/2023\/07\/agon_Ali_web_1-1030x771.png\" alt=\"\" class=\"wp-image-23417\" srcset=\"https:\/\/alexandrawendorf.de\/wp-content\/uploads\/2023\/07\/agon_Ali_web_1-1030x771.png 1030w, https:\/\/alexandrawendorf.de\/wp-content\/uploads\/2023\/07\/agon_Ali_web_1-300x225.png 300w, https:\/\/alexandrawendorf.de\/wp-content\/uploads\/2023\/07\/agon_Ali_web_1-768x575.png 768w, https:\/\/alexandrawendorf.de\/wp-content\/uploads\/2023\/07\/agon_Ali_web_1-1536x1150.png 1536w, https:\/\/alexandrawendorf.de\/wp-content\/uploads\/2023\/07\/agon_Ali_web_1.png 1630w\" sizes=\"(max-width: 1030px) 100vw, 1030px\" \/><\/a><\/figure>\n\n\n\n<div style=\"height:10px\" aria-hidden=\"true\" class=\"wp-block-spacer\"><\/div>\n\n\n\n<p><mark style=\"background-color:rgba(0, 0, 0, 0)\" class=\"has-inline-color has-white-color\">Projektmanagement  agon \u2013 Gesellschaft zur F\u00f6rderung von Theater und Musik e.V.<\/mark><\/p>\n<\/div>\n\n\n\n<div class=\"wp-block-column is-layout-flow wp-block-column-is-layout-flow\" style=\"flex-basis:33.33%\">\n<figure class=\"wp-block-image size-large\"><img decoding=\"async\" loading=\"lazy\" width=\"1030\" height=\"770\" src=\"https:\/\/alexandrawendorf.de\/wp-content\/uploads\/2020\/10\/Bildschirmfoto-2020-10-25-um-22.36.34-1030x770.png\" alt=\"\" class=\"wp-image-23319\" srcset=\"https:\/\/alexandrawendorf.de\/wp-content\/uploads\/2020\/10\/Bildschirmfoto-2020-10-25-um-22.36.34-1030x770.png 1030w, https:\/\/alexandrawendorf.de\/wp-content\/uploads\/2020\/10\/Bildschirmfoto-2020-10-25-um-22.36.34-300x224.png 300w, https:\/\/alexandrawendorf.de\/wp-content\/uploads\/2020\/10\/Bildschirmfoto-2020-10-25-um-22.36.34-768x574.png 768w, https:\/\/alexandrawendorf.de\/wp-content\/uploads\/2020\/10\/Bildschirmfoto-2020-10-25-um-22.36.34-1536x1148.png 1536w, https:\/\/alexandrawendorf.de\/wp-content\/uploads\/2020\/10\/Bildschirmfoto-2020-10-25-um-22.36.34.png 1632w\" sizes=\"(max-width: 1030px) 100vw, 1030px\" \/><\/figure>\n\n\n\n<div style=\"height:10px\" aria-hidden=\"true\" class=\"wp-block-spacer\"><\/div>\n\n\n\n<p><mark style=\"background-color:rgba(0, 0, 0, 0)\" class=\"has-inline-color has-white-color\">Web Design und technische Unterst\u00fctzung der digitalen Sch\u00fclerzeitung akomag<\/mark><\/p>\n\n\n\n<figure class=\"wp-block-image size-large\"><img decoding=\"async\" loading=\"lazy\" width=\"1030\" height=\"921\" src=\"https:\/\/alexandrawendorf.de\/wp-content\/uploads\/2017\/05\/Tartuffe1-1030x921.jpg\" alt=\"\" class=\"wp-image-22997\" srcset=\"https:\/\/alexandrawendorf.de\/wp-content\/uploads\/2017\/05\/Tartuffe1-1030x921.jpg 1030w, https:\/\/alexandrawendorf.de\/wp-content\/uploads\/2017\/05\/Tartuffe1-600x537.jpg 600w, https:\/\/alexandrawendorf.de\/wp-content\/uploads\/2017\/05\/Tartuffe1-300x268.jpg 300w, https:\/\/alexandrawendorf.de\/wp-content\/uploads\/2017\/05\/Tartuffe1-768x687.jpg 768w, https:\/\/alexandrawendorf.de\/wp-content\/uploads\/2017\/05\/Tartuffe1-700x626.jpg 700w, https:\/\/alexandrawendorf.de\/wp-content\/uploads\/2017\/05\/Tartuffe1-125x112.jpg 125w, https:\/\/alexandrawendorf.de\/wp-content\/uploads\/2017\/05\/Tartuffe1-1100x984.jpg 1100w, https:\/\/alexandrawendorf.de\/wp-content\/uploads\/2017\/05\/Tartuffe1.jpg 1362w\" sizes=\"(max-width: 1030px) 100vw, 1030px\" \/><\/figure>\n\n\n\n<div style=\"height:10px\" aria-hidden=\"true\" class=\"wp-block-spacer\"><\/div>\n\n\n\n<p>Web Design und Texte f\u00fcr das jugendliche Theaterprojekt Tartuffe<\/p>\n<\/div>\n<\/div>\n\n\n\n<div style=\"height:54px\" aria-hidden=\"true\" class=\"wp-block-spacer\"><\/div>\n\n\n\n<div class=\"wp-block-columns is-layout-flex wp-container-6 wp-block-columns-is-layout-flex\">\n<div class=\"wp-block-column is-layout-flow wp-block-column-is-layout-flow\" style=\"flex-basis:33.33%\">\n<figure class=\"wp-block-image size-large\"><a href=\"https:\/\/alexandrawendorf.de\/wp-content\/uploads\/2023\/07\/meanmygirl_ali_web.png\"><img decoding=\"async\" loading=\"lazy\" width=\"1030\" height=\"771\" src=\"https:\/\/alexandrawendorf.de\/wp-content\/uploads\/2023\/07\/meanmygirl_ali_web-1030x771.png\" alt=\"\" class=\"wp-image-23431\" srcset=\"https:\/\/alexandrawendorf.de\/wp-content\/uploads\/2023\/07\/meanmygirl_ali_web-1030x771.png 1030w, https:\/\/alexandrawendorf.de\/wp-content\/uploads\/2023\/07\/meanmygirl_ali_web-300x225.png 300w, https:\/\/alexandrawendorf.de\/wp-content\/uploads\/2023\/07\/meanmygirl_ali_web-768x575.png 768w, https:\/\/alexandrawendorf.de\/wp-content\/uploads\/2023\/07\/meanmygirl_ali_web-1536x1150.png 1536w, https:\/\/alexandrawendorf.de\/wp-content\/uploads\/2023\/07\/meanmygirl_ali_web.png 1630w\" sizes=\"(max-width: 1030px) 100vw, 1030px\" \/><\/a><\/figure>\n\n\n\n<div style=\"height:10px\" aria-hidden=\"true\" class=\"wp-block-spacer\"><\/div>\n\n\n\n<p><mark style=\"background-color:rgba(0, 0, 0, 0)\" class=\"has-inline-color has-white-color\">Web Design f\u00fcr die Musical-Inszenierung &#8222;Me And My Girl&#8220;, einem Projekt von musik- und tanzbegeisterten Jugendlichen und dem Kettenheimer Hof e.V.<\/mark><\/p>\n<\/div>\n\n\n\n<div class=\"wp-block-column is-layout-flow wp-block-column-is-layout-flow\" style=\"flex-basis:66.66%\">\n<figure class=\"wp-block-image size-large\"><a href=\"https:\/\/alexandrawendorf.de\/wp-content\/uploads\/2023\/07\/beetoven_ali_web.png\"><img decoding=\"async\" loading=\"lazy\" width=\"1030\" height=\"771\" src=\"https:\/\/alexandrawendorf.de\/wp-content\/uploads\/2023\/07\/beetoven_ali_web-1030x771.png\" alt=\"\" class=\"wp-image-23429\" srcset=\"https:\/\/alexandrawendorf.de\/wp-content\/uploads\/2023\/07\/beetoven_ali_web-1030x771.png 1030w, https:\/\/alexandrawendorf.de\/wp-content\/uploads\/2023\/07\/beetoven_ali_web-300x225.png 300w, https:\/\/alexandrawendorf.de\/wp-content\/uploads\/2023\/07\/beetoven_ali_web-768x575.png 768w, https:\/\/alexandrawendorf.de\/wp-content\/uploads\/2023\/07\/beetoven_ali_web-1536x1150.png 1536w, https:\/\/alexandrawendorf.de\/wp-content\/uploads\/2023\/07\/beetoven_ali_web.png 1630w\" sizes=\"(max-width: 1030px) 100vw, 1030px\" \/><\/a><\/figure>\n\n\n\n<div style=\"height:10px\" aria-hidden=\"true\" class=\"wp-block-spacer\"><\/div>\n\n\n\n<p><mark style=\"background-color:rgba(0, 0, 0, 0)\" class=\"has-inline-color has-white-color\">Projektleitung &amp; Creative Direction<\/mark> f\u00fcr das VR-Bildungsprojekt BEETHOVEN OPUS 360, einem preisgekr\u00f6nten Projekt des agon e.V.<\/p>\n<\/div>\n<\/div>\n\n\n\n<div style=\"height:54px\" aria-hidden=\"true\" class=\"wp-block-spacer\"><\/div>\n\n\n\n<div class=\"wp-block-columns is-layout-flex wp-container-9 wp-block-columns-is-layout-flex\">\n<div class=\"wp-block-column is-layout-flow wp-block-column-is-layout-flow\">\n<figure class=\"wp-block-image size-large\"><a href=\"https:\/\/alexandrawendorf.de\/?page_id=23341\"><img decoding=\"async\" loading=\"lazy\" width=\"1030\" height=\"771\" src=\"https:\/\/alexandrawendorf.de\/wp-content\/uploads\/2020\/10\/Bildschirmfoto-2020-10-26-um-09.27.27-1030x771.png\" alt=\"\" class=\"wp-image-23338\" srcset=\"https:\/\/alexandrawendorf.de\/wp-content\/uploads\/2020\/10\/Bildschirmfoto-2020-10-26-um-09.27.27-1030x771.png 1030w, https:\/\/alexandrawendorf.de\/wp-content\/uploads\/2020\/10\/Bildschirmfoto-2020-10-26-um-09.27.27-300x225.png 300w, https:\/\/alexandrawendorf.de\/wp-content\/uploads\/2020\/10\/Bildschirmfoto-2020-10-26-um-09.27.27-768x575.png 768w, https:\/\/alexandrawendorf.de\/wp-content\/uploads\/2020\/10\/Bildschirmfoto-2020-10-26-um-09.27.27-1536x1150.png 1536w, https:\/\/alexandrawendorf.de\/wp-content\/uploads\/2020\/10\/Bildschirmfoto-2020-10-26-um-09.27.27.png 1630w\" sizes=\"(max-width: 1030px) 100vw, 1030px\" \/><\/a><\/figure>\n\n\n\n<div style=\"height:10px\" aria-hidden=\"true\" class=\"wp-block-spacer\"><\/div>\n\n\n\n<p>Web Design und Texte f\u00fcr einen engagierten Klavierunterricht f\u00fcr junge Sch\u00fcler<\/p>\n<\/div>\n\n\n\n<div class=\"wp-block-column is-layout-flow wp-block-column-is-layout-flow\"><\/div>\n<\/div>\n","protected":false},"excerpt":{"rendered":"<p>Projektmanagement agon \u2013 Gesellschaft zur F\u00f6rderung von Theater und Musik e.V. Web<\/p>\n","protected":false},"author":1,"featured_media":0,"parent":0,"menu_order":0,"comment_status":"closed","ping_status":"closed","template":"","meta":{"footnotes":""},"_links":{"self":[{"href":"https:\/\/alexandrawendorf.de\/index.php?rest_route=\/wp\/v2\/pages\/23313"}],"collection":[{"href":"https:\/\/alexandrawendorf.de\/index.php?rest_route=\/wp\/v2\/pages"}],"about":[{"href":"https:\/\/alexandrawendorf.de\/index.php?rest_route=\/wp\/v2\/types\/page"}],"author":[{"embeddable":true,"href":"https:\/\/alexandrawendorf.de\/index.php?rest_route=\/wp\/v2\/users\/1"}],"replies":[{"embeddable":true,"href":"https:\/\/alexandrawendorf.de\/index.php?rest_route=%2Fwp%2Fv2%2Fcomments&post=23313"}],"version-history":[{"count":16,"href":"https:\/\/alexandrawendorf.de\/index.php?rest_route=\/wp\/v2\/pages\/23313\/revisions"}],"predecessor-version":[{"id":23488,"href":"https:\/\/alexandrawendorf.de\/index.php?rest_route=\/wp\/v2\/pages\/23313\/revisions\/23488"}],"wp:attachment":[{"href":"https:\/\/alexandrawendorf.de\/index.php?rest_route=%2Fwp%2Fv2%2Fmedia&parent=23313"}],"curies":[{"name":"wp","href":"https:\/\/api.w.org\/{rel}","templated":true}]}}