{"id":20273,"date":"2014-07-07T14:26:05","date_gmt":"2014-07-07T14:26:05","guid":{"rendered":"http:\/\/demo.select-themes.com\/stockholm15\/?page_id=20273"},"modified":"2024-03-19T15:48:46","modified_gmt":"2024-03-19T15:48:46","slug":"our-services","status":"publish","type":"page","link":"https:\/\/alexandrawendorf.de\/?page_id=20273","title":{"rendered":"Coaching"},"content":{"rendered":"\n<p>Als erfahrene Dozentin und Coach biete ich Seminare, Workshops und individuelle Beratungskonzepte an, um K\u00fcnstlerinnen und K\u00fcnstler in ihrer beruflichen und unternehmerischen Entwicklung zu unterst\u00fctzen und ihnen zu helfen, eine nachhaltige und erfolgreiche Pr\u00e4senz im Kunstmarkt zu entwickeln. Mein breit gef\u00e4chertes Know-how in der Kreativwirtschaft erm\u00f6glicht es mir, individuell auf die Bed\u00fcrfnisse von K\u00fcnstlerinnen und K\u00fcnstlern einzugehen und sie umfassend zu beraten und zu unterst\u00fctzen. <\/p>\n\n\n\n<p><strong>Testimonial<\/strong><\/p>\n\n\n\n<p class=\"has-text-align-right\"><em>&#8222;Der Bundesverband Bildender K\u00fcnstlerinnen und K\u00fcnstler Rheinland-Pfalz (BBK RLP) hat zum Jahresende 2023 erstmal eine Fortbildungsreihe \u201estartupdays\u201c zum Thema \u201eBeruf K\u00fcnstler:in\u201c ins Leben gerufen. Auf vielfache Empfehlung wurde Frau Alexandra Wendorf f\u00fcr zwei ganzt\u00e4gige Fortbildungen eingeladen: \u201eVon der Kunst zu \u00fcberleben\u201c und \u201eOhne eigene Webseite geht gar nichts \u2013 Der Kunstmarkt im Internet\u201c. Die Teilnehmer*innen waren von der Praxisn\u00e4he und der anschaulichen Vermittlung begeistert und berichteten, dass sie f\u00fcr ihren Arbeitsalltag sehr von den Fortbildungen profitieren.&#8220;<\/em><br>Stephan Bock, Projektleitung startupdays BBK RLP<\/p>\n\n\n\n<p><strong>Mein Angebot<\/strong><\/p>\n\n\n\n<p>Ich organisiere und leite praxisorientierte Seminare und Workshops wie &#8222;K\u00fcnstler als Unternehmer&#8220; oder &#8222;Der Kunstmarkt im Internet&#8220;, in denen wichtige Methoden und Kenntnisse vermittelt werden, um sich sowohl online als auch offline effektiv zu positionieren und zu pr\u00e4sentieren. Dar\u00fcber hinaus begleite ich K\u00fcnstlerinnen und K\u00fcnstler mit  individuellen und ma\u00dfgeschneiderten Coachings auf ihrem beruflichen Weg.<\/p>\n\n\n\n<p><strong>Ihr Nutzen<\/strong><\/p>\n\n\n\n<p>Durch Best-Practice-Beispiele und konkrete Tipps und Informationen werden wesentliche Kenntnisse in Bereichen wie Website-Erstellung, Online-Marketing, Selbstpr\u00e4sentation, Projekt- und F\u00f6rdermittel-Akquise und professionelle Positionierung im Kunstmarkt vermittelt. Mit meiner Unterst\u00fctzung erhalten K\u00fcnstlerinnen und K\u00fcnstler nicht nur Zugang zu umfangreichem Fachwissen, sondern erwerben auch praktische F\u00e4higkeiten und Strategien, die sie in ihrem k\u00fcnstlerischen Alltag umsetzen k\u00f6nnen.<\/p>\n\n\n\n<p><strong>Mein Netzwerk<\/strong><\/p>\n\n\n\n<p>Dar\u00fcber hinaus verf\u00fcge ich \u00fcber ein weitreichendes Netzwerk, das Expertinnen und Experten aus den Bereichen Steuer und Recht, Publikation, Ausstellungsmanagement, kunsthistorische Einordnung, Webseite- und Texterstellung umfasst. So kann ich in vielen Fragen weiterhelfen und K\u00fcnstlerinnen und K\u00fcnstler mit den richtigen Ansprechpartnern verbinden, um ihre Projekte erfolgreich zu realisieren.<\/p>\n\n\n\n<p><strong>Ihr Weg zum Erfolg<\/strong><\/p>\n\n\n\n<p>Mein Engagement und meine Leidenschaft liegen im Empowerment. Es begeistert mich, K\u00fcnstlerinnen und K\u00fcnstler dabei zu unterst\u00fctzen, ihre kreativen Ambitionen unternehmerisch zielgenau umzusetzen und erfolgreich zu sein.<\/p>\n\n\n\n<p>Ich freue mich darauf, K\u00fcnstlerinnen und K\u00fcnstler auf Ihrem k\u00fcnstlerischen Weg zu begleiten und gemeinsam mit Ihnen neue M\u00f6glichkeiten und Potenziale zu entdecken. <a href=\"https:\/\/alexandrawendorf.de\/?page_id=12\" data-type=\"page\" data-id=\"12\">Kontaktieren Sie mich<\/a>, um mehr \u00fcber mein Angebot zu erfahren oder ein individuelles Beratungsgespr\u00e4ch zu vereinbaren!<\/p>\n","protected":false},"excerpt":{"rendered":"<p>Als erfahrene Dozentin und Coach biete ich Seminare, Workshops und individuelle Beratungskonzepte<\/p>\n","protected":false},"author":1,"featured_media":0,"parent":0,"menu_order":0,"comment_status":"closed","ping_status":"open","template":"","meta":{"footnotes":""},"_links":{"self":[{"href":"https:\/\/alexandrawendorf.de\/index.php?rest_route=\/wp\/v2\/pages\/20273"}],"collection":[{"href":"https:\/\/alexandrawendorf.de\/index.php?rest_route=\/wp\/v2\/pages"}],"about":[{"href":"https:\/\/alexandrawendorf.de\/index.php?rest_route=\/wp\/v2\/types\/page"}],"author":[{"embeddable":true,"href":"https:\/\/alexandrawendorf.de\/index.php?rest_route=\/wp\/v2\/users\/1"}],"replies":[{"embeddable":true,"href":"https:\/\/alexandrawendorf.de\/index.php?rest_route=%2Fwp%2Fv2%2Fcomments&post=20273"}],"version-history":[{"count":9,"href":"https:\/\/alexandrawendorf.de\/index.php?rest_route=\/wp\/v2\/pages\/20273\/revisions"}],"predecessor-version":[{"id":23493,"href":"https:\/\/alexandrawendorf.de\/index.php?rest_route=\/wp\/v2\/pages\/20273\/revisions\/23493"}],"wp:attachment":[{"href":"https:\/\/alexandrawendorf.de\/index.php?rest_route=%2Fwp%2Fv2%2Fmedia&parent=20273"}],"curies":[{"name":"wp","href":"https:\/\/api.w.org\/{rel}","templated":true}]}}