{"id":14,"date":"2019-05-17T07:41:46","date_gmt":"2019-05-17T07:41:46","guid":{"rendered":"https:\/\/themerain.com\/demo\/etc\/?page_id=14"},"modified":"2024-03-18T21:14:51","modified_gmt":"2024-03-18T21:14:51","slug":"about-freelance","status":"publish","type":"page","link":"https:\/\/alexandrawendorf.de\/?page_id=14","title":{"rendered":"About"},"content":{"rendered":"\n<div class=\"wp-block-columns has-2-columns is-layout-flex wp-container-5 wp-block-columns-is-layout-flex\">\n<div class=\"wp-block-column is-layout-flow wp-block-column-is-layout-flow\">\n<div class=\"wp-block-columns has-2-columns is-layout-flex wp-container-2 wp-block-columns-is-layout-flex\">\n<div class=\"wp-block-column is-layout-flow wp-block-column-is-layout-flow\" style=\"flex-basis:100%\"><\/div>\n<\/div>\n<\/div>\n\n\n\n<div class=\"wp-block-column is-layout-flow wp-block-column-is-layout-flow\">\n<h5 class=\"wp-block-heading has-luminous-vivid-orange-color has-text-color\">LEIDENSCHAFT \u2013 KUNST<\/h5>\n\n\n\n<p>Kunst und Kultur tragen dazu bei, geistige Horizonte zu erweitern. Die Besch\u00e4ftigung mit kulturellen Themen und der Dialog mit K\u00fcnstlern, Kunstsammlern und Kunstschaffenden kann aus starren Denkschemata befreien und Neugier f\u00fcr das Unbekannte wecken und Innovation schaffen. Kunst kann gefallen oder irritieren &#8211; in jedem Fall inspirieren.<\/p>\n\n\n\n<p><\/p>\n\n\n\n<h5 class=\"wp-block-heading has-luminous-vivid-orange-color has-text-color\">PROFESSION \u2013 KOMMUNIKATION<\/h5>\n\n\n\n<p>Kommunikation muss in die jeweiligen Rahmenbedingungen und Umst\u00e4nde eingebettet sein. Sie ist so individuell wie die Menschen, die sie einsetzen und die sie erreichen soll. Deshalb m\u00fcssen Zielsetzung und Methoden sehr gut aufeinander abgestimmt sein, um Botschaften klar und unmissverst\u00e4ndlich zu vermitteln.<\/p>\n\n\n\n<p><\/p>\n\n\n\n<h5 class=\"wp-block-heading has-luminous-vivid-orange-color has-text-color\">ZIEL \u2013 EXZELLENZ<\/h5>\n\n\n\n<p>Die Qualit\u00e4t der Kommunikation beginnt mit der Qualit\u00e4t des Zuh\u00f6rens. Erst mit dem tiefen Verstehen um die jeweiligen Inhalte, Voraussetzungen und Ideen k\u00f6nnen die Kommunikationsziele klar definiert werden. So gelingt es, auch komplexe Sachverhalte differenziert zu verstehen und anspruchsvolle Beratung zu leisten.<\/p>\n\n\n\n<p><\/p>\n\n\n\n<h5 class=\"wp-block-heading has-luminous-vivid-orange-color has-text-color\">VITA &#8211; ALEXANDRA WENDORF<\/h5>\n\n\n\n<p>Studium der Kunstgeschichte, alten Geschichte und klassischen Arch\u00e4ologie an der Technischen und Freien Universit\u00e4t Berlin. Zu meinen wesentlichen beruflichen Stationen z\u00e4hlen das Auktionshaus Christie\u2019s in Berlin (1995-1999), Stellv. Vorsitz FJK e.V. \u2013 F\u00f6rdergemeinschaft Junger Kunst (2000-2011) mit der Organisation und Kuration von \u00fcber 50 Ausstellungen und Veranstaltungen, Gesch\u00e4ftsf\u00fchrung GKS \u2013 Gesellschaft f\u00fcr Kunstf\u00f6rderung und Sponsoring mbH (2001-2011) mit zahlreichen Publikationen zum Kunstmarkt und -marketing sowie die Chefredaktion des Junge Kunst Magazins, Ritterbach Verlag (2007-2011). Seit 2012 bin ich als Journalistin, Projektmanagerin und Kunstberaterin freiberuflich t\u00e4tig und habe u.a. die Chefredaktion und das Editorial Design des Zeitungsmagazins nicolai verantwortet, das im Nicolai Verlag in Berlin erschien und sich interdisziplin\u00e4r kulturellen und gesellschaftlichen Themen widmete. Hierzu z\u00e4hlte auch die Redaktion und das Design des Webzine nicolai mag. Seit 2016 erscheinen sowohl das Magazin als auch das Webzine mit der erweiterten Rubrik &#8222;Literatur&#8220; unter dem Namen barton im Barton Verlag in der Velbr\u00fcck GmbH Verlagsgruppe. Das barton-Zeitungsmagazin f\u00fcr Kunst, Kultur, Design &amp; Literatur wird online publiziert unter <a href=\"http:\/\/www.barton-mag.de\">barton-mag.de<\/a>. In meiner Beratungst\u00e4tigkeit halte ich regelm\u00e4\u00dfig Seminare und Workshops f\u00fcr K\u00fcnstlerinnen und K\u00fcnstler, um sie in ihrer beruflichen und unternehmerischen Entwicklung zu unterst\u00fctzen (u.a. im Auftrag des BBK). Seit dem Wintersemester 2020 Lehrauftrag f\u00fcr Design- und Kunsttheorie an der <a rel=\"noreferrer noopener\" href=\"https:\/\/www.fh-muenster.de\/msd\/\" data-type=\"URL\" data-id=\"https:\/\/www.fh-muenster.de\/msd\/\" target=\"_blank\">MSD \/ M\u00fcnster School of Design<\/a>. Seit dem Wintersemester 2022 Lehrauftrag f\u00fcr Kulturtheorien- und -konzepte im Masterstudiengang Digitaler Journalismus an der <a href=\"https:\/\/www.hmkw.de\/\" data-type=\"URL\" data-id=\"https:\/\/www.hmkw.de\/\">HMKW K\u00f6ln<\/a>.<\/p>\n<\/div>\n<\/div>\n","protected":false},"excerpt":{"rendered":"<p>LEIDENSCHAFT \u2013 KUNST Kunst und Kultur tragen dazu bei, geistige Horizonte zu<\/p>\n","protected":false},"author":1,"featured_media":0,"parent":0,"menu_order":0,"comment_status":"closed","ping_status":"closed","template":"","meta":{"footnotes":""},"_links":{"self":[{"href":"https:\/\/alexandrawendorf.de\/index.php?rest_route=\/wp\/v2\/pages\/14"}],"collection":[{"href":"https:\/\/alexandrawendorf.de\/index.php?rest_route=\/wp\/v2\/pages"}],"about":[{"href":"https:\/\/alexandrawendorf.de\/index.php?rest_route=\/wp\/v2\/types\/page"}],"author":[{"embeddable":true,"href":"https:\/\/alexandrawendorf.de\/index.php?rest_route=\/wp\/v2\/users\/1"}],"replies":[{"embeddable":true,"href":"https:\/\/alexandrawendorf.de\/index.php?rest_route=%2Fwp%2Fv2%2Fcomments&post=14"}],"version-history":[{"count":21,"href":"https:\/\/alexandrawendorf.de\/index.php?rest_route=\/wp\/v2\/pages\/14\/revisions"}],"predecessor-version":[{"id":23484,"href":"https:\/\/alexandrawendorf.de\/index.php?rest_route=\/wp\/v2\/pages\/14\/revisions\/23484"}],"wp:attachment":[{"href":"https:\/\/alexandrawendorf.de\/index.php?rest_route=%2Fwp%2Fv2%2Fmedia&parent=14"}],"curies":[{"name":"wp","href":"https:\/\/api.w.org\/{rel}","templated":true}]}}